{"id":56,"date":"2025-10-22T19:39:35","date_gmt":"2025-10-22T19:39:35","guid":{"rendered":"https:\/\/www.spurny.eu\/?page_id=56"},"modified":"2025-10-22T19:54:24","modified_gmt":"2025-10-22T19:54:24","slug":"co-nabizime","status":"publish","type":"page","link":"https:\/\/www.spurny.eu\/index.php\/co-nabizime\/","title":{"rendered":"Co nab\u00edz\u00edme"},"content":{"rendered":"\n<p>Med t\u00e9 nejvy\u0161\u0161\u00ed kvality:\u200b<\/p>\n\n\n\n<ul class=\"wp-block-list\">\n<li>N\u00e1\u0161 med je \u010dist\u00fd, p\u0159\u00edrodn\u00ed produkt z nedot\u010den\u00e9ho prost\u0159ed\u00ed (z na\u0161ich luk, les\u016f, sad\u016f\u2026).<\/li>\n<\/ul>\n\n\n\n<ul class=\"wp-block-list\">\n<li>\u200bNab\u00edz\u00edme r\u016fzn\u00e9 druhy medu \u2013 kv\u011btov\u00fd, lesn\u00ed, pastovan\u00fd \u2013 ka\u017ed\u00fd s jedine\u010dnou chut\u00ed a aromatem.\u200b<\/li>\n<\/ul>\n\n\n\n<p>V\u010del\u00ed produkty pro zdrav\u00ed:\u200b<\/p>\n\n\n\n<ul class=\"wp-block-list\">\n<li>Propolis: P\u0159\u00edrodn\u00ed antibiotikum a siln\u00fd antioxidant.\u200b<\/li>\n\n\n\n<li>Pyl: Bohat\u00fd zdroj vitam\u00edn\u016f a miner\u00e1l\u016f.\u200b<\/li>\n\n\n\n<li>Mate\u0159\u00ed ka\u0161i\u010dka: Elix\u00edr ml\u00e1d\u00ed a vitality.<\/li>\n\n\n\n<li>Vosk: Pou\u017e\u00edv\u00e1me k v\u00fdrob\u011b sv\u00ed\u010dek.\u200b<\/li>\n<\/ul>\n\n\n\n<p>Udr\u017eiteln\u00fd a etick\u00fd chov:\u200b<\/p>\n\n\n\n<ul class=\"wp-block-list\">\n<li>Db\u00e1me na zdrav\u00ed a vitalitu na\u0161ich v\u010delstev.<\/li>\n<\/ul>\n\n\n\n<ul class=\"wp-block-list\">\n<li>\u200bPou\u017e\u00edv\u00e1me \u0161etrn\u00e9 metody chovu s ohledem na p\u0159\u00edrodu a biodiverzitu.\u200b<\/li>\n<\/ul>\n\n\n\n<ul class=\"wp-block-list\">\n<li>Na\u0161e v\u010delstva jsou pravideln\u011b kontrolov\u00e1na a chr\u00e1n\u011bna p\u0159ed nemocemi.\u200b<\/li>\n<\/ul>\n\n\n\n<p>Pro\u010d si vybrat na\u0161e produkty?<\/p>\n\n\n\n<p>\u200bKvalita, kterou uc\u00edt\u00edte: Na\u0161e produkty jdou p\u0159\u00edmo od v\u010del k v\u00e1m, bez zbyte\u010dn\u00fdch \u00faprav a p\u0159\u00edm\u011bs\u00ed. Ru\u010dn\u00ed zpracov\u00e1n\u00ed a p\u00e9\u010de zaru\u010duj\u00ed nejvy\u0161\u0161\u00ed mo\u017enou kvalitu a zachov\u00e1n\u00ed v\u0161ech cenn\u00fdch l\u00e1tek.\u200b<\/p>\n\n\n\n<p>Podpora m\u00edstn\u00ed p\u0159\u00edrody: Koup\u00ed na\u0161ich produkt\u016f p\u0159\u00edmo podporujete lok\u00e1ln\u00ed v\u010dela\u0159e a pom\u00e1h\u00e1te udr\u017eovat zdravou populaci v\u010del v na\u0161em regionu.<\/p>\n","protected":false},"excerpt":{"rendered":"<p>Med t\u00e9 nejvy\u0161\u0161\u00ed kvality:\u200b V\u010del\u00ed produkty pro zdrav\u00ed:\u200b Udr\u017eiteln\u00fd a etick\u00fd chov:\u200b Pro\u010d si vybrat na\u0161e produkty? \u200bKvalita, kterou uc\u00edt\u00edte: Na\u0161e produkty jdou p\u0159\u00edmo od v\u010del k v\u00e1m, bez zbyte\u010dn\u00fdch \u00faprav a p\u0159\u00edm\u011bs\u00ed. Ru\u010dn\u00ed zpracov\u00e1n\u00ed a p\u00e9\u010de zaru\u010duj\u00ed nejvy\u0161\u0161\u00ed mo\u017enou kvalitu a zachov\u00e1n\u00ed v\u0161ech cenn\u00fdch l\u00e1tek.\u200b Podpora m\u00edstn\u00ed p\u0159\u00edrody: Koup\u00ed na\u0161ich produkt\u016f p\u0159\u00edmo podporujete lok\u00e1ln\u00ed &hellip; <\/p>\n<p class=\"link-more\"><a href=\"https:\/\/www.spurny.eu\/index.php\/co-nabizime\/\" class=\"more-link\">Pokra\u010dovat ve \u010dten\u00ed<span class=\"screen-reader-text\"> &#8222;Co nab\u00edz\u00edme&#8220;<\/span><\/a><\/p>\n","protected":false},"author":1,"featured_media":0,"parent":0,"menu_order":2,"comment_status":"closed","ping_status":"closed","template":"","meta":{"footnotes":""},"class_list":["post-56","page","type-page","status-publish","hentry","entry"],"jetpack_sharing_enabled":true,"_links":{"self":[{"href":"https:\/\/www.spurny.eu\/index.php\/wp-json\/wp\/v2\/pages\/56","targetHints":{"allow":["GET"]}}],"collection":[{"href":"https:\/\/www.spurny.eu\/index.php\/wp-json\/wp\/v2\/pages"}],"about":[{"href":"https:\/\/www.spurny.eu\/index.php\/wp-json\/wp\/v2\/types\/page"}],"author":[{"embeddable":true,"href":"https:\/\/www.spurny.eu\/index.php\/wp-json\/wp\/v2\/users\/1"}],"replies":[{"embeddable":true,"href":"https:\/\/www.spurny.eu\/index.php\/wp-json\/wp\/v2\/comments?post=56"}],"version-history":[{"count":3,"href":"https:\/\/www.spurny.eu\/index.php\/wp-json\/wp\/v2\/pages\/56\/revisions"}],"predecessor-version":[{"id":59,"href":"https:\/\/www.spurny.eu\/index.php\/wp-json\/wp\/v2\/pages\/56\/revisions\/59"}],"wp:attachment":[{"href":"https:\/\/www.spurny.eu\/index.php\/wp-json\/wp\/v2\/media?parent=56"}],"curies":[{"name":"wp","href":"https:\/\/api.w.org\/{rel}","templated":true}]}}